{"id":5,"date":"2025-02-25T14:31:46","date_gmt":"2025-02-25T17:31:46","guid":{"rendered":"https:\/\/ccshalom.com.br\/clinicapastoral\/?page_id=5"},"modified":"2026-04-01T14:44:04","modified_gmt":"2026-04-01T17:44:04","slug":"home","status":"publish","type":"page","link":"https:\/\/ccshalom.com.br\/clinicapastoral\/","title":{"rendered":"Home"},"content":{"rendered":"\t\t<div data-elementor-type=\"wp-post\" data-elementor-id=\"5\" class=\"elementor elementor-5\" data-elementor-post-type=\"page\">\n\t\t\t\t<div class=\"elementor-element elementor-element-12886b3 e-flex e-con-boxed e-con e-parent\" data-id=\"12886b3\" data-element_type=\"container\" data-e-type=\"container\" data-settings=\"{&quot;background_background&quot;:&quot;classic&quot;}\">\n\t\t\t\t\t<div class=\"e-con-inner\">\n\t\t\t\t<div class=\"elementor-element elementor-element-ad6e95c elementor-widget elementor-widget-image\" data-id=\"ad6e95c\" data-element_type=\"widget\" data-e-type=\"widget\" data-widget_type=\"image.default\">\n\t\t\t\t<div class=\"elementor-widget-container\">\n\t\t\t\t\t\t\t\t\t\t\t\t\t\t\t<img fetchpriority=\"high\" decoding=\"async\" width=\"1024\" height=\"1024\" src=\"https:\/\/ccshalom.com.br\/clinicapastoral\/wp-content\/uploads\/sites\/7\/2025\/02\/pomba2-1024x1024.png\" class=\"attachment-large size-large wp-image-33\" alt=\"\" srcset=\"https:\/\/ccshalom.com.br\/clinicapastoral\/wp-content\/uploads\/sites\/7\/2025\/02\/pomba2-1024x1024.png 1024w, https:\/\/ccshalom.com.br\/clinicapastoral\/wp-content\/uploads\/sites\/7\/2025\/02\/pomba2-300x300.png 300w, https:\/\/ccshalom.com.br\/clinicapastoral\/wp-content\/uploads\/sites\/7\/2025\/02\/pomba2-150x150.png 150w, https:\/\/ccshalom.com.br\/clinicapastoral\/wp-content\/uploads\/sites\/7\/2025\/02\/pomba2-768x768.png 768w, https:\/\/ccshalom.com.br\/clinicapastoral\/wp-content\/uploads\/sites\/7\/2025\/02\/pomba2.png 1080w\" sizes=\"(max-width: 1024px) 100vw, 1024px\" \/>\t\t\t\t\t\t\t\t\t\t\t\t\t\t\t<\/div>\n\t\t\t\t<\/div>\n\t\t\t\t<div class=\"elementor-element elementor-element-96eeecd elementor-widget elementor-widget-heading\" data-id=\"96eeecd\" data-element_type=\"widget\" data-e-type=\"widget\" data-widget_type=\"heading.default\">\n\t\t\t\t<div class=\"elementor-widget-container\">\n\t\t\t\t\t<h1 class=\"elementor-heading-title elementor-size-default\">Clinica<br>Pastoral<\/h1>\t\t\t\t<\/div>\n\t\t\t\t<\/div>\n\t\t\t\t<div class=\"elementor-element elementor-element-8cc428c elementor-widget elementor-widget-heading\" data-id=\"8cc428c\" data-element_type=\"widget\" data-e-type=\"widget\" data-widget_type=\"heading.default\">\n\t\t\t\t<div class=\"elementor-widget-container\">\n\t\t\t\t\t<h2 class=\"elementor-heading-title elementor-size-default\">Agende um atendimento pastoral e encontre dire\u00e7\u00e3o, apoio e ora\u00e7\u00e3o<\/h2>\t\t\t\t<\/div>\n\t\t\t\t<\/div>\n\t\t\t\t\t<\/div>\n\t\t\t\t<\/div>\n\t\t<div class=\"elementor-element elementor-element-827f160 e-flex e-con-boxed e-con e-parent\" data-id=\"827f160\" data-element_type=\"container\" data-e-type=\"container\">\n\t\t\t\t\t<div class=\"e-con-inner\">\n\t\t\t\t<div class=\"elementor-element elementor-element-7ff1495 elementor-widget elementor-widget-heading\" data-id=\"7ff1495\" data-element_type=\"widget\" data-e-type=\"widget\" data-widget_type=\"heading.default\">\n\t\t\t\t<div class=\"elementor-widget-container\">\n\t\t\t\t\t<h2 class=\"elementor-heading-title elementor-size-default\">Como Funciona?<\/h2>\t\t\t\t<\/div>\n\t\t\t\t<\/div>\n\t\t\t\t<div class=\"elementor-element elementor-element-9570dec elementor-widget elementor-widget-text-editor\" data-id=\"9570dec\" data-element_type=\"widget\" data-e-type=\"widget\" data-widget_type=\"text-editor.default\">\n\t\t\t\t<div class=\"elementor-widget-container\">\n\t\t\t\t\t\t\t\t\t<ul><li><strong>Escolha um hor\u00e1rio dispon\u00edvel:<\/strong>\u00a0Acesse nosso calend\u00e1rio e selecione o dia e hor\u00e1rio que melhor se encaixam na sua rotina.<\/li><li><strong>Preencha um pequeno formul\u00e1rio:<\/strong>\u00a0Forne\u00e7a algumas informa\u00e7\u00f5es b\u00e1sicas para que possamos melhor compreender sua necessidade e preparar o atendimento.<\/li><li><strong>Compare\u00e7a para seu atendimento:<\/strong>\u00a0No dia e hor\u00e1rio agendados, venha at\u00e9 nossa igreja ou participe do encontro online, conforme sua escolha.<\/li><li><strong>Confirma\u00e7\u00e3o do agendamento:<\/strong>\u00a0Voc\u00ea receber\u00e1 um e-mail de confirma\u00e7\u00e3o com os detalhes do seu atendimento no endere\u00e7o cadastrado.<\/li><\/ul>\t\t\t\t\t\t\t\t<\/div>\n\t\t\t\t<\/div>\n\t\t\t\t\t<\/div>\n\t\t\t\t<\/div>\n\t\t<div class=\"elementor-element elementor-element-ea78cd2 e-flex e-con-boxed e-con e-parent\" data-id=\"ea78cd2\" data-element_type=\"container\" data-e-type=\"container\">\n\t\t\t\t\t<div class=\"e-con-inner\">\n\t\t\t\t<div class=\"elementor-element elementor-element-762636f elementor-widget elementor-widget-heading\" data-id=\"762636f\" data-element_type=\"widget\" data-e-type=\"widget\" data-widget_type=\"heading.default\">\n\t\t\t\t<div class=\"elementor-widget-container\">\n\t\t\t\t\t<h2 class=\"elementor-heading-title elementor-size-default\">Agendamento Indispon\u00edvel<\/h2>\t\t\t\t<\/div>\n\t\t\t\t<\/div>\n\t\t\t\t\t<\/div>\n\t\t\t\t<\/div>\n\t\t\t\t<\/div>\n\t\t","protected":false},"excerpt":{"rendered":"<p>ClinicaPastoral Agende um atendimento pastoral e encontre dire\u00e7\u00e3o, apoio e ora\u00e7\u00e3o Como Funciona? Escolha um hor\u00e1rio dispon\u00edvel:\u00a0Acesse nosso calend\u00e1rio e [&hellip;]<\/p>\n","protected":false},"author":1,"featured_media":0,"parent":0,"menu_order":0,"comment_status":"closed","ping_status":"closed","template":"elementor_canvas","meta":{"site-sidebar-layout":"no-sidebar","site-content-layout":"","ast-site-content-layout":"full-width-container","site-content-style":"default","site-sidebar-style":"default","ast-global-header-display":"","ast-banner-title-visibility":"","ast-main-header-display":"","ast-hfb-above-header-display":"","ast-hfb-below-header-display":"","ast-hfb-mobile-header-display":"","site-post-title":"disabled","ast-breadcrumbs-content":"","ast-featured-img":"disabled","footer-sml-layout":"","ast-disable-related-posts":"","theme-transparent-header-meta":"","adv-header-id-meta":"","stick-header-meta":"","header-above-stick-meta":"","header-main-stick-meta":"","header-below-stick-meta":"","astra-migrate-meta-layouts":"default","ast-page-background-enabled":"default","ast-page-background-meta":{"desktop":{"background-color":"var(--ast-global-color-5)","background-image":"","background-repeat":"repeat","background-position":"center center","background-size":"auto","background-attachment":"scroll","background-type":"","background-media":"","overlay-type":"","overlay-color":"","overlay-opacity":"","overlay-gradient":""},"tablet":{"background-color":"","background-image":"","background-repeat":"repeat","background-position":"center center","background-size":"auto","background-attachment":"scroll","background-type":"","background-media":"","overlay-type":"","overlay-color":"","overlay-opacity":"","overlay-gradient":""},"mobile":{"background-color":"","background-image":"","background-repeat":"repeat","background-position":"center center","background-size":"auto","background-attachment":"scroll","background-type":"","background-media":"","overlay-type":"","overlay-color":"","overlay-opacity":"","overlay-gradient":""}},"ast-content-background-meta":{"desktop":{"background-color":"var(--ast-global-color-4)","background-image":"","background-repeat":"repeat","background-position":"center center","background-size":"auto","background-attachment":"scroll","background-type":"","background-media":"","overlay-type":"","overlay-color":"","overlay-opacity":"","overlay-gradient":""},"tablet":{"background-color":"var(--ast-global-color-4)","background-image":"","background-repeat":"repeat","background-position":"center center","background-size":"auto","background-attachment":"scroll","background-type":"","background-media":"","overlay-type":"","overlay-color":"","overlay-opacity":"","overlay-gradient":""},"mobile":{"background-color":"var(--ast-global-color-4)","background-image":"","background-repeat":"repeat","background-position":"center center","background-size":"auto","background-attachment":"scroll","background-type":"","background-media":"","overlay-type":"","overlay-color":"","overlay-opacity":"","overlay-gradient":""}},"footnotes":""},"class_list":["post-5","page","type-page","status-publish","hentry"],"_links":{"self":[{"href":"https:\/\/ccshalom.com.br\/clinicapastoral\/wp-json\/wp\/v2\/pages\/5","targetHints":{"allow":["GET"]}}],"collection":[{"href":"https:\/\/ccshalom.com.br\/clinicapastoral\/wp-json\/wp\/v2\/pages"}],"about":[{"href":"https:\/\/ccshalom.com.br\/clinicapastoral\/wp-json\/wp\/v2\/types\/page"}],"author":[{"embeddable":true,"href":"https:\/\/ccshalom.com.br\/clinicapastoral\/wp-json\/wp\/v2\/users\/1"}],"replies":[{"embeddable":true,"href":"https:\/\/ccshalom.com.br\/clinicapastoral\/wp-json\/wp\/v2\/comments?post=5"}],"version-history":[{"count":35,"href":"https:\/\/ccshalom.com.br\/clinicapastoral\/wp-json\/wp\/v2\/pages\/5\/revisions"}],"predecessor-version":[{"id":81,"href":"https:\/\/ccshalom.com.br\/clinicapastoral\/wp-json\/wp\/v2\/pages\/5\/revisions\/81"}],"wp:attachment":[{"href":"https:\/\/ccshalom.com.br\/clinicapastoral\/wp-json\/wp\/v2\/media?parent=5"}],"curies":[{"name":"wp","href":"https:\/\/api.w.org\/{rel}","templated":true}]}}